{"id":77,"date":"2020-12-24T09:16:00","date_gmt":"2020-12-24T06:16:00","guid":{"rendered":"https:\/\/www.stendustrimedyagrup.com\/?page_id=77"},"modified":"2026-05-15T00:16:42","modified_gmt":"2026-05-14T21:16:42","slug":"hakkimizda","status":"publish","type":"page","link":"https:\/\/www.stendustrimedyagrup.com\/?page_id=77","title":{"rendered":"Hakk\u0131m\u0131zda"},"content":{"rendered":"\t\t<div data-elementor-type=\"wp-page\" data-elementor-id=\"77\" class=\"elementor elementor-77\">\n\t\t\t\t<div class=\"aux-parallax-section elementor-element elementor-element-161b1ca e-flex e-con-boxed e-con e-parent\" data-id=\"161b1ca\" data-element_type=\"container\" data-e-type=\"container\" data-settings=\"{&quot;background_background&quot;:&quot;gradient&quot;}\">\n\t\t\t\t\t<div class=\"e-con-inner\">\n\t\t<div class=\"elementor-element elementor-element-464221a e-con-full e-flex e-con e-child\" data-id=\"464221a\" data-element_type=\"container\" data-e-type=\"container\">\n\t\t\t\t<div class=\"elementor-element elementor-element-9708f78 aux-appear-watch-animation aux-slide-from-bot elementor-widget elementor-widget-aux_modern_heading\" data-id=\"9708f78\" data-element_type=\"widget\" data-e-type=\"widget\" data-widget_type=\"aux_modern_heading.default\">\n\t\t\t\t<div class=\"elementor-widget-container\">\n\t\t\t\t\t<section class=\"aux-widget-modern-heading\">\n            <div class=\"aux-widget-inner\"><h2 class=\"aux-modern-heading-primary\">Hakk\u0131m\u0131zda<\/h2><\/div>\n        <\/section>\t\t\t\t<\/div>\n\t\t\t\t<\/div>\n\t\t\t\t<\/div>\n\t\t\t\t\t<\/div>\n\t\t\t\t<\/div>\n\t\t<div class=\"aux-parallax-section elementor-element elementor-element-55a4c53 e-flex e-con-boxed e-con e-parent\" data-id=\"55a4c53\" data-element_type=\"container\" data-e-type=\"container\">\n\t\t\t\t\t<div class=\"e-con-inner\">\n\t\t<div class=\"elementor-element elementor-element-794e79d e-con-full e-flex e-con e-child\" data-id=\"794e79d\" data-element_type=\"container\" data-e-type=\"container\">\n\t\t<div class=\"elementor-element elementor-element-3bc336e e-con-full e-flex e-con e-child\" data-id=\"3bc336e\" data-element_type=\"container\" data-e-type=\"container\">\n\t\t\t\t<div class=\"aux-scroll-anim elementor-element elementor-element-09d1f86 elementor-widget__width-auto aux-appear-watch-animation aux-scale-down elementor-widget elementor-widget-aux_image\" data-move-in=\"rotateIn\" data-move-out=\"rotateIn\" data-axis-x=\"200\" data-axis-y=\"200\" data-rotate=\"1\" data-scale=\"1\" data-vp-top=\"0.5\" data-vp-bot=\"0.5\" data-el-top=\"0.2\" data-scroll-animation-off=\"1024\" data-id=\"09d1f86\" data-element_type=\"widget\" data-e-type=\"widget\" data-widget_type=\"aux_image.default\">\n\t\t\t\t<div class=\"elementor-widget-container\">\n\t\t\t\t\t<section class=\"widget-container aux-widget-image aux-alignnone aux-parent-auf9b01397\">\n    <div class=\"aux-media-hint-frame \">\n        <div class=\"aux-media-image \" >\n        \n            \n\n            \n            <img fetchpriority=\"high\" decoding=\"async\" width=\"2560\" height=\"2560\" src=\"https:\/\/www.stendustrimedyagrup.com\/wp-content\/uploads\/2026\/05\/0779434c-6411-4132-bbc5-9cac91d226fe-scaled-40x40.jpg\" class=\"aux-attachment aux-featured-image aux-attachment-id-94 aux-preload aux-has-preview\" alt=\"0779434c-6411-4132-bbc5-9cac91d226fe\" data-ratio=\"1\" data-original-w=\"2560\" data-src=\"https:\/\/www.stendustrimedyagrup.com\/wp-content\/uploads\/2026\/05\/0779434c-6411-4132-bbc5-9cac91d226fe-scaled.jpg\" \/>            \n                <\/div>\n    <\/div>\n\n<\/section><!-- widget-container -->\t\t\t\t<\/div>\n\t\t\t\t<\/div>\n\t\t\t\t<\/div>\n\t\t<div class=\"elementor-element elementor-element-5af5bdb e-con-full e-flex e-con e-child\" data-id=\"5af5bdb\" data-element_type=\"container\" data-e-type=\"container\">\n\t\t\t\t<div class=\"elementor-element elementor-element-8867a03 aux-appear-watch-animation aux-fade-in elementor-widget elementor-widget-aux_modern_heading\" data-id=\"8867a03\" data-element_type=\"widget\" data-e-type=\"widget\" data-widget_type=\"aux_modern_heading.default\">\n\t\t\t\t<div class=\"elementor-widget-container\">\n\t\t\t\t\t<section class=\"aux-widget-modern-heading\">\n            <div class=\"aux-widget-inner\"><h3 class=\"aux-modern-heading-primary\">Hakk\u0131m\u0131zda<\/h3><h2 class=\"aux-modern-heading-secondary\"><span class=\"aux-head-highlight\">End\u00fcstrinin Medya G\u00fcc\u00fcn\u00fc Tek \u00c7at\u0131 Alt\u0131nda Birle\u015ftiriyoruz<\/span><\/h2><div class=\"aux-modern-heading-description\"><p data-start=\"314\" data-end=\"551\">ST End\u00fcstri Medya Grup; televizyon yay\u0131nc\u0131l\u0131\u011f\u0131, dijital haber platformlar\u0131, sekt\u00f6rel dergiler, radyo yay\u0131nlar\u0131, zirve organizasyonlar\u0131 ve dijital ileti\u015fim \u00e7\u00f6z\u00fcmleriyle T\u00fcrkiye\u2019nin end\u00fcstri odakl\u0131 en g\u00fc\u00e7l\u00fc medya ekosistemlerinden biridir.<\/p>\n<p data-start=\"553\" data-end=\"755\">Sanayi, \u00fcretim, otomasyon, enerji, teknoloji ve i\u015f d\u00fcnyas\u0131na y\u00f6nelik i\u00e7erikler \u00fcreterek markalar\u0131 do\u011fru hedef kitleyle bulu\u015fturuyor; medya, etkinlik ve ileti\u015fim alanlar\u0131nda u\u00e7tan uca \u00e7\u00f6z\u00fcmler sunuyoruz.<\/p><\/div><\/div>\n        <\/section>\t\t\t\t<\/div>\n\t\t\t\t<\/div>\n\t\t<div class=\"elementor-element elementor-element-4ffed1b e-con-full e-flex e-con e-child\" data-id=\"4ffed1b\" data-element_type=\"container\" data-e-type=\"container\">\n\t\t<div class=\"elementor-element elementor-element-2dc14b9 e-con-full e-flex e-con e-child\" data-id=\"2dc14b9\" data-element_type=\"container\" data-e-type=\"container\">\n\t\t\t\t<div class=\"elementor-element elementor-element-aff531c aux-appear-watch-animation aux-fade-in-right-1 elementor-widget elementor-widget-aux_text\" data-id=\"aff531c\" data-element_type=\"widget\" data-e-type=\"widget\" data-widget_type=\"aux_text.default\">\n\t\t\t\t<div class=\"elementor-widget-container\">\n\t\t\t\t\t<section class=\"widget-container aux-widget-text aux-parent-au6c871f23\">        <div class=\"aux-widget-advanced-text aux-wrap-style-simple aux-ico-pos-top aux-text-left aux-text-resp- aux-text-color-dark aux-text-widget-bg-center aux-text-no-content \" >\n        \n                            <div class=\"aux-text-widget-header \"  >\n                        <div class=\"aux-ico-box aux-ico-large aux-ico-shape-circle aux-ico-clear \">\n                            <i aria-hidden=\"true\" class=\"aux-ico auxicon auxicon-radio\"><\/i>                        <\/div>\n                <\/div>\n            \n            <div class=\"aux-text-inner aux-text-widget-content\">\n                                <h4 class=\"col-title\">Radyo Yay\u0131nlar\u0131<\/h4>\n                            <\/div>\n        <\/div>\n                    <div class=\"aux-text-widget-footer\">\n                <div class=\"aux-border-shape-none \">\n                                <\/div>\n            <\/div>\n        \n<\/section><!-- widget-container -->\t\t\t\t<\/div>\n\t\t\t\t<\/div>\n\t\t\t\t<\/div>\n\t\t<div class=\"elementor-element elementor-element-409814b e-con-full e-flex e-con e-child\" data-id=\"409814b\" data-element_type=\"container\" data-e-type=\"container\">\n\t\t\t\t<div class=\"elementor-element elementor-element-ea8cb26 aux-appear-watch-animation aux-fade-in-right-1 elementor-widget elementor-widget-aux_text\" data-id=\"ea8cb26\" data-element_type=\"widget\" data-e-type=\"widget\" data-widget_type=\"aux_text.default\">\n\t\t\t\t<div class=\"elementor-widget-container\">\n\t\t\t\t\t<section class=\"widget-container aux-widget-text aux-parent-aud1920f43\">        <div class=\"aux-widget-advanced-text aux-wrap-style-simple aux-ico-pos-top aux-text-left aux-text-resp- aux-text-color-dark aux-text-widget-bg-center aux-text-no-content \" >\n        \n                            <div class=\"aux-text-widget-header \"  >\n                        <div class=\"aux-ico-box aux-ico-large aux-ico-shape-circle aux-ico-clear \">\n                            <i aria-hidden=\"true\" class=\"aux-ico auxicon auxicon-tv\"><\/i>                        <\/div>\n                <\/div>\n            \n            <div class=\"aux-text-inner aux-text-widget-content\">\n                                <h4 class=\"col-title\">ST End\u00fcstri TV<\/h4>\n                            <\/div>\n        <\/div>\n                    <div class=\"aux-text-widget-footer\">\n                <div class=\"aux-border-shape-none \">\n                                <\/div>\n            <\/div>\n        \n<\/section><!-- widget-container -->\t\t\t\t<\/div>\n\t\t\t\t<\/div>\n\t\t\t\t<\/div>\n\t\t\t\t<\/div>\n\t\t<div class=\"elementor-element elementor-element-497c630 e-con-full e-flex e-con e-child\" data-id=\"497c630\" data-element_type=\"container\" data-e-type=\"container\">\n\t\t<div class=\"elementor-element elementor-element-315f021 e-con-full e-flex e-con e-child\" data-id=\"315f021\" data-element_type=\"container\" data-e-type=\"container\">\n\t\t\t\t<div class=\"elementor-element elementor-element-a62bc18 aux-appear-watch-animation aux-fade-in-left-1 elementor-widget elementor-widget-aux_text\" data-id=\"a62bc18\" data-element_type=\"widget\" data-e-type=\"widget\" data-widget_type=\"aux_text.default\">\n\t\t\t\t<div class=\"elementor-widget-container\">\n\t\t\t\t\t<section class=\"widget-container aux-widget-text aux-parent-au22c04928\">        <div class=\"aux-widget-advanced-text aux-wrap-style-simple aux-ico-pos-top aux-text-left aux-text-resp- aux-text-color-dark aux-text-widget-bg-center aux-text-no-content \" >\n        \n                            <div class=\"aux-text-widget-header \"  >\n                        <div class=\"aux-ico-box aux-ico-large aux-ico-shape-circle aux-ico-clear \">\n                            <i aria-hidden=\"true\" class=\"aux-ico auxicon auxicon-book-open\"><\/i>                        <\/div>\n                <\/div>\n            \n            <div class=\"aux-text-inner aux-text-widget-content\">\n                                <h4 class=\"col-title\">Dergi &amp; Haber Platformlar\u0131<\/h4>\n                            <\/div>\n        <\/div>\n                    <div class=\"aux-text-widget-footer\">\n                <div class=\"aux-border-shape-none \">\n                                <\/div>\n            <\/div>\n        \n<\/section><!-- widget-container -->\t\t\t\t<\/div>\n\t\t\t\t<\/div>\n\t\t\t\t<\/div>\n\t\t<div class=\"elementor-element elementor-element-c4fa781 e-con-full e-flex e-con e-child\" data-id=\"c4fa781\" data-element_type=\"container\" data-e-type=\"container\">\n\t\t\t\t<div class=\"elementor-element elementor-element-e35fe77 aux-appear-watch-animation aux-fade-in-left-1 elementor-widget elementor-widget-aux_text\" data-id=\"e35fe77\" data-element_type=\"widget\" data-e-type=\"widget\" data-widget_type=\"aux_text.default\">\n\t\t\t\t<div class=\"elementor-widget-container\">\n\t\t\t\t\t<section class=\"widget-container aux-widget-text aux-parent-au6e716d58\">        <div class=\"aux-widget-advanced-text aux-wrap-style-simple aux-ico-pos-top aux-text-left aux-text-resp- aux-text-color-dark aux-text-widget-bg-center aux-text-no-content \" >\n        \n                            <div class=\"aux-text-widget-header \"  >\n                        <div class=\"aux-ico-box aux-ico-large aux-ico-shape-circle aux-ico-clear \">\n                            <i aria-hidden=\"true\" class=\"aux-ico fas fa-user-friends\"><\/i>                        <\/div>\n                <\/div>\n            \n            <div class=\"aux-text-inner aux-text-widget-content\">\n                                <h4 class=\"col-title\">Zirve &amp; B2B Organizasyonlar\u0131<\/h4>\n                            <\/div>\n        <\/div>\n                    <div class=\"aux-text-widget-footer\">\n                <div class=\"aux-border-shape-none \">\n                                <\/div>\n            <\/div>\n        \n<\/section><!-- widget-container -->\t\t\t\t<\/div>\n\t\t\t\t<\/div>\n\t\t\t\t<\/div>\n\t\t\t\t<\/div>\n\t\t\t\t<\/div>\n\t\t\t\t<\/div>\n\t\t\t\t\t<\/div>\n\t\t\t\t<\/div>\n\t\t\t\t<\/div>\n\t\t","protected":false},"excerpt":{"rendered":"<p>Hakk\u0131m\u0131zda Hakk\u0131m\u0131zda End\u00fcstrinin Medya G\u00fcc\u00fcn\u00fc Tek \u00c7at\u0131 Alt\u0131nda Birle\u015ftiriyoruz ST End\u00fcstri Medya Grup; televizyon yay\u0131nc\u0131l\u0131\u011f\u0131, dijital haber platformlar\u0131, sekt\u00f6rel dergiler, radyo yay\u0131nlar\u0131, zirve organizasyonlar\u0131 ve dijital ileti\u015fim \u00e7\u00f6z\u00fcmleriyle T\u00fcrkiye\u2019nin end\u00fcstri odakl\u0131 en g\u00fc\u00e7l\u00fc medya ekosistemlerinden biridir. Sanayi, \u00fcretim, otomasyon, enerji, teknoloji ve i\u015f d\u00fcnyas\u0131na y\u00f6nelik i\u00e7erikler \u00fcreterek markalar\u0131 do\u011fru hedef kitleyle bulu\u015fturuyor; medya, etkinlik ve [&hellip;]<\/p>\n","protected":false},"author":1,"featured_media":0,"parent":0,"menu_order":0,"comment_status":"closed","ping_status":"closed","template":"templates\/page-builder-content.php","meta":{"footnotes":""},"class_list":["post-77","page","type-page","status-publish","hentry"],"_links":{"self":[{"href":"https:\/\/www.stendustrimedyagrup.com\/index.php?rest_route=\/wp\/v2\/pages\/77","targetHints":{"allow":["GET"]}}],"collection":[{"href":"https:\/\/www.stendustrimedyagrup.com\/index.php?rest_route=\/wp\/v2\/pages"}],"about":[{"href":"https:\/\/www.stendustrimedyagrup.com\/index.php?rest_route=\/wp\/v2\/types\/page"}],"author":[{"embeddable":true,"href":"https:\/\/www.stendustrimedyagrup.com\/index.php?rest_route=\/wp\/v2\/users\/1"}],"replies":[{"embeddable":true,"href":"https:\/\/www.stendustrimedyagrup.com\/index.php?rest_route=%2Fwp%2Fv2%2Fcomments&post=77"}],"version-history":[{"count":5,"href":"https:\/\/www.stendustrimedyagrup.com\/index.php?rest_route=\/wp\/v2\/pages\/77\/revisions"}],"predecessor-version":[{"id":243,"href":"https:\/\/www.stendustrimedyagrup.com\/index.php?rest_route=\/wp\/v2\/pages\/77\/revisions\/243"}],"wp:attachment":[{"href":"https:\/\/www.stendustrimedyagrup.com\/index.php?rest_route=%2Fwp%2Fv2%2Fmedia&parent=77"}],"curies":[{"name":"wp","href":"https:\/\/api.w.org\/{rel}","templated":true}]}}