{"id":76,"date":"2020-12-24T09:16:28","date_gmt":"2020-12-24T06:16:28","guid":{"rendered":"https:\/\/www.stendustrimedyagrup.com\/?page_id=76"},"modified":"2026-05-15T00:16:55","modified_gmt":"2026-05-14T21:16:55","slug":"hizmetlerimiz","status":"publish","type":"page","link":"https:\/\/www.stendustrimedyagrup.com\/?page_id=76","title":{"rendered":"Hizmetlerimiz"},"content":{"rendered":"\t\t<div data-elementor-type=\"wp-page\" data-elementor-id=\"76\" class=\"elementor elementor-76\">\n\t\t\t\t<div class=\"aux-parallax-section elementor-element elementor-element-1b9524c e-flex e-con-boxed e-con e-parent\" data-id=\"1b9524c\" data-element_type=\"container\" data-e-type=\"container\" data-settings=\"{&quot;background_background&quot;:&quot;gradient&quot;}\">\n\t\t\t\t\t<div class=\"e-con-inner\">\n\t\t<div class=\"elementor-element elementor-element-17d1f9b e-con-full e-flex e-con e-child\" data-id=\"17d1f9b\" data-element_type=\"container\" data-e-type=\"container\">\n\t\t\t\t<div class=\"elementor-element elementor-element-ac1cb38 aux-appear-watch-animation aux-slide-from-bot elementor-widget elementor-widget-aux_modern_heading\" data-id=\"ac1cb38\" data-element_type=\"widget\" data-e-type=\"widget\" data-widget_type=\"aux_modern_heading.default\">\n\t\t\t\t<div class=\"elementor-widget-container\">\n\t\t\t\t\t<section class=\"aux-widget-modern-heading\">\n            <div class=\"aux-widget-inner\"><h2 class=\"aux-modern-heading-primary\">Hizmetlerimiz<\/h2><\/div>\n        <\/section>\t\t\t\t<\/div>\n\t\t\t\t<\/div>\n\t\t\t\t<\/div>\n\t\t\t\t\t<\/div>\n\t\t\t\t<\/div>\n\t\t<div class=\"aux-parallax-section elementor-element elementor-element-2fbb37c e-flex e-con-boxed e-con e-parent\" data-id=\"2fbb37c\" data-element_type=\"container\" data-e-type=\"container\">\n\t\t\t\t\t<div class=\"e-con-inner\">\n\t\t<div class=\"elementor-element elementor-element-a22d764 e-con-full e-flex e-con e-child\" data-id=\"a22d764\" data-element_type=\"container\" data-e-type=\"container\">\n\t\t<div class=\"elementor-element elementor-element-58c318b e-con-full e-flex e-con e-child\" data-id=\"58c318b\" data-element_type=\"container\" data-e-type=\"container\">\n\t\t\t\t<div class=\"elementor-element elementor-element-59da2cd aux-appear-watch-animation aux-scale-up elementor-widget elementor-widget-aux_modern_heading\" data-id=\"59da2cd\" data-element_type=\"widget\" data-e-type=\"widget\" data-widget_type=\"aux_modern_heading.default\">\n\t\t\t\t<div class=\"elementor-widget-container\">\n\t\t\t\t\t<section class=\"aux-widget-modern-heading\">\n            <div class=\"aux-widget-inner\"><h3 class=\"aux-modern-heading-primary\">Hizmetlerimiz<\/h3><h2 class=\"aux-modern-heading-secondary\"><span class=\"aux-head-highlight\">End\u00fcstri Markalar\u0131 \u0130\u00e7in \u00d6l\u00e7\u00fclebilir Medya G\u00fcc\u00fc<\/span><\/h2><\/div>\n        <\/section>\t\t\t\t<\/div>\n\t\t\t\t<\/div>\n\t\t<div class=\"elementor-element elementor-element-93ba97b e-con-full e-flex e-con e-child\" data-id=\"93ba97b\" data-element_type=\"container\" data-e-type=\"container\">\n\t\t<div class=\"elementor-element elementor-element-83f00e9 e-con-full e-flex e-con e-child\" data-id=\"83f00e9\" data-element_type=\"container\" data-e-type=\"container\">\n\t\t\t\t<div class=\"elementor-element elementor-element-038ce50 aux-appear-watch-animation aux-fade-in-left-2 elementor-widget elementor-widget-aux_text\" data-id=\"038ce50\" data-element_type=\"widget\" data-e-type=\"widget\" data-widget_type=\"aux_text.default\">\n\t\t\t\t<div class=\"elementor-widget-container\">\n\t\t\t\t\t<section class=\"widget-container aux-widget-text aux-parent-au8801d6fa\">        <div class=\"aux-widget-advanced-text aux-wrap-style-simple aux-ico-pos-top aux-text-center aux-text-resp- aux-text-color-dark aux-text-widget-bg-center  \" >\n        \n                            <div class=\"aux-text-widget-header \"  >\n                        <div class=\"aux-ico-box aux-ico-large aux-img-box aux-ico-shape-default aux-ico-clear \">\n                                                                <img fetchpriority=\"high\" decoding=\"async\" width=\"400\" height=\"400\" src=\"https:\/\/www.stendustrimedyagrup.com\/wp-content\/uploads\/2026\/05\/82231797_eps-Converted-2.png\" class=\"aux-attachment aux-featured-image aux-attachment-id-191\" alt=\"82231797_eps [Converted]\" data-ratio=\"1\" data-original-w=\"400\" \/>                                                    <\/div>\n                <\/div>\n            \n            <div class=\"aux-text-inner aux-text-widget-content\">\n                                <h4 class=\"col-title\">Hedef Kitleye Do\u011frudan Eri\u015fim<\/h4>\n                                <div class=\"widget-content\">\n                                        <p>Sanayi, \u00fcretim ve teknoloji sekt\u00f6rlerinde karar vericilere ula\u015fan g\u00fc\u00e7l\u00fc medya a\u011f\u0131.<\/p>                <\/div>\n                            <\/div>\n        <\/div>\n                    <div class=\"aux-text-widget-footer\">\n                <div class=\"aux-border-shape-none \">\n                                <\/div>\n            <\/div>\n        \n<\/section><!-- widget-container -->\t\t\t\t<\/div>\n\t\t\t\t<\/div>\n\t\t\t\t<\/div>\n\t\t<div class=\"elementor-element elementor-element-fdc9c1e e-con-full e-flex e-con e-child\" data-id=\"fdc9c1e\" data-element_type=\"container\" data-e-type=\"container\">\n\t\t\t\t<div class=\"elementor-element elementor-element-7a0460d aux-appear-watch-animation aux-fade-in-left elementor-widget elementor-widget-aux_text\" data-id=\"7a0460d\" data-element_type=\"widget\" data-e-type=\"widget\" data-widget_type=\"aux_text.default\">\n\t\t\t\t<div class=\"elementor-widget-container\">\n\t\t\t\t\t<section class=\"widget-container aux-widget-text aux-parent-au9e10cb85\">        <div class=\"aux-widget-advanced-text aux-wrap-style-simple aux-ico-pos-top aux-text-center aux-text-resp- aux-text-color-dark aux-text-widget-bg-center  \" >\n        \n                            <div class=\"aux-text-widget-header \"  >\n                        <div class=\"aux-ico-box aux-ico-large aux-img-box aux-ico-shape-default aux-ico-clear \">\n                                                                <img decoding=\"async\" width=\"2384\" height=\"1684\" src=\"https:\/\/www.stendustrimedyagrup.com\/wp-content\/uploads\/2026\/05\/203763588_eps-Converted-1.png\" class=\"aux-attachment aux-featured-image aux-attachment-id-189\" alt=\"203763588_eps [Converted]\" data-ratio=\"1.42\" data-original-w=\"2384\" \/>                                                    <\/div>\n                <\/div>\n            \n            <div class=\"aux-text-inner aux-text-widget-content\">\n                                <h4 class=\"col-title\">\u00c7ok Kanall\u0131 G\u00f6r\u00fcn\u00fcrl\u00fck<\/h4>\n                                <div class=\"widget-content\">\n                                        <p data-start=\"491\" data-end=\"574\">TV, dijital medya, sosyal medya, dergi ve etkinlik kanallar\u0131yla maksimum etkile\u015fim.<\/p>                <\/div>\n                            <\/div>\n        <\/div>\n                    <div class=\"aux-text-widget-footer\">\n                <div class=\"aux-border-shape-none \">\n                                <\/div>\n            <\/div>\n        \n<\/section><!-- widget-container -->\t\t\t\t<\/div>\n\t\t\t\t<\/div>\n\t\t\t\t<\/div>\n\t\t<div class=\"elementor-element elementor-element-74cddca e-con-full e-flex e-con e-child\" data-id=\"74cddca\" data-element_type=\"container\" data-e-type=\"container\">\n\t\t\t\t<div class=\"elementor-element elementor-element-29c22d5 aux-appear-watch-animation aux-fade-in-right elementor-widget elementor-widget-aux_text\" data-id=\"29c22d5\" data-element_type=\"widget\" data-e-type=\"widget\" data-widget_type=\"aux_text.default\">\n\t\t\t\t<div class=\"elementor-widget-container\">\n\t\t\t\t\t<section class=\"widget-container aux-widget-text aux-parent-au11afae9b\">        <div class=\"aux-widget-advanced-text aux-wrap-style-simple aux-ico-pos-top aux-text-center aux-text-resp- aux-text-color-dark aux-text-widget-bg-center  \" >\n        \n                            <div class=\"aux-text-widget-header \"  >\n                        <div class=\"aux-ico-box aux-ico-large aux-img-box aux-ico-shape-default aux-ico-clear \">\n                                                                <img decoding=\"async\" width=\"2560\" height=\"1920\" src=\"https:\/\/www.stendustrimedyagrup.com\/wp-content\/uploads\/2026\/05\/163977335_eps-Converted-scaled.png\" class=\"aux-attachment aux-featured-image aux-attachment-id-186\" alt=\"163977335_eps [Converted]\" data-ratio=\"1.33\" data-original-w=\"2560\" \/>                                                    <\/div>\n                <\/div>\n            \n            <div class=\"aux-text-inner aux-text-widget-content\">\n                                <h4 class=\"col-title\">G\u00fc\u00e7l\u00fc B2B Ba\u011flant\u0131lar\u0131<\/h4>\n                                <div class=\"widget-content\">\n                                        <p>Zirveler, forumlar ve \u00f6zel organizasyonlarla yeni i\u015f f\u0131rsatlar\u0131 olu\u015fturma.<\/p>                <\/div>\n                            <\/div>\n        <\/div>\n                    <div class=\"aux-text-widget-footer\">\n                <div class=\"aux-border-shape-none \">\n                                <\/div>\n            <\/div>\n        \n<\/section><!-- widget-container -->\t\t\t\t<\/div>\n\t\t\t\t<\/div>\n\t\t\t\t<\/div>\n\t\t<div class=\"elementor-element elementor-element-2615e1c e-con-full e-flex e-con e-child\" data-id=\"2615e1c\" data-element_type=\"container\" data-e-type=\"container\">\n\t\t\t\t<div class=\"elementor-element elementor-element-d96e0a5 aux-appear-watch-animation aux-fade-in-right-2 elementor-widget elementor-widget-aux_text\" data-id=\"d96e0a5\" data-element_type=\"widget\" data-e-type=\"widget\" data-widget_type=\"aux_text.default\">\n\t\t\t\t<div class=\"elementor-widget-container\">\n\t\t\t\t\t<section class=\"widget-container aux-widget-text aux-parent-au9579cd79\">        <div class=\"aux-widget-advanced-text aux-wrap-style-simple aux-ico-pos-top aux-text-center aux-text-resp- aux-text-color-dark aux-text-widget-bg-center  \" >\n        \n                            <div class=\"aux-text-widget-header \"  >\n                        <div class=\"aux-ico-box aux-ico-large aux-img-box aux-ico-shape-default aux-ico-clear \">\n                                                                <img loading=\"lazy\" decoding=\"async\" width=\"2560\" height=\"2377\" src=\"https:\/\/www.stendustrimedyagrup.com\/wp-content\/uploads\/2026\/05\/182728691_eps-Converted-scaled.png\" class=\"aux-attachment aux-featured-image aux-attachment-id-185\" alt=\"182728691_eps [Converted]\" data-ratio=\"1.08\" data-original-w=\"2560\" \/>                                                    <\/div>\n                <\/div>\n            \n            <div class=\"aux-text-inner aux-text-widget-content\">\n                                <h4 class=\"col-title\">Marka G\u00fcvenilirli\u011fi ve Etki<\/h4>\n                                <div class=\"widget-content\">\n                                        <p>Sekt\u00f6rel g\u00f6r\u00fcn\u00fcrl\u00fc\u011f\u00fc art\u0131ran profesyonel i\u00e7erik ve ileti\u015fim \u00e7\u00f6z\u00fcmleri.<\/p>                <\/div>\n                            <\/div>\n        <\/div>\n                    <div class=\"aux-text-widget-footer\">\n                <div class=\"aux-border-shape-none \">\n                                <\/div>\n            <\/div>\n        \n<\/section><!-- widget-container -->\t\t\t\t<\/div>\n\t\t\t\t<\/div>\n\t\t\t\t<\/div>\n\t\t\t\t<\/div>\n\t\t\t\t<\/div>\n\t\t\t\t<\/div>\n\t\t\t\t\t<\/div>\n\t\t\t\t<\/div>\n\t\t<div class=\"aux-parallax-section elementor-element elementor-element-0a0d647 e-flex e-con-boxed e-con e-parent\" data-id=\"0a0d647\" data-element_type=\"container\" data-e-type=\"container\">\n\t\t\t\t\t<div class=\"e-con-inner\">\n\t\t<div class=\"elementor-element elementor-element-34692b3 e-con-full e-flex e-con e-child\" data-id=\"34692b3\" data-element_type=\"container\" data-e-type=\"container\">\n\t\t<div class=\"elementor-element elementor-element-0eb2ae7 e-con-full e-flex e-con e-child\" data-id=\"0eb2ae7\" data-element_type=\"container\" data-e-type=\"container\">\n\t\t\t\t<div class=\"aux-scroll-anim elementor-element elementor-element-5c31c60 elementor-widget__width-auto aux-appear-watch-animation aux-rotate-in elementor-widget elementor-widget-aux_simple_svg\" data-move-in=\"rotateIn\" data-move-out=\"rotateIn\" data-axis-x=\"200\" data-axis-y=\"200\" data-rotate=\"10\" data-scale=\"1\" data-vp-top=\"0.5\" data-vp-bot=\"0.5\" data-el-top=\"0.2\" data-scroll-animation-off=\"1024\" data-id=\"5c31c60\" data-element_type=\"widget\" data-e-type=\"widget\" data-widget_type=\"aux_simple_svg.default\">\n\t\t\t\t<div class=\"elementor-widget-container\">\n\t\t\t\t\t    <div class=\"aux-widget-container aux-simple-svg-container\">\n        <div class=\"aux-widget-container-inner\">\n            <div class=\"aux-the-svg\"><img decoding=\"async\" src=\"https:\/\/www.stendustrimedyagrup.com\/wp-content\/uploads\/2020\/12\/Polygon-achievement-right.svg\" title=\"demo-attachment-288-Polygon-achievement-right\" alt=\"demo-attachment-288-Polygon-achievement-right\" loading=\"lazy\" \/><\/div>\n        <\/div>\n    <\/div>\n    \t\t\t\t<\/div>\n\t\t\t\t<\/div>\n\t\t\t\t<div class=\"aux-scroll-anim elementor-element elementor-element-1166068 elementor-widget__width-auto aux-appear-watch-animation aux-rotate-in elementor-widget elementor-widget-aux_simple_svg\" data-move-in=\"rotateOut\" data-move-out=\"rotateOut\" data-axis-x=\"200\" data-axis-y=\"200\" data-rotate=\"15\" data-scale=\"1\" data-vp-top=\"0.5\" data-vp-bot=\"0.5\" data-el-top=\"0.2\" data-scroll-animation-off=\"1024\" data-id=\"1166068\" data-element_type=\"widget\" data-e-type=\"widget\" data-widget_type=\"aux_simple_svg.default\">\n\t\t\t\t<div class=\"elementor-widget-container\">\n\t\t\t\t\t    <div class=\"aux-widget-container aux-simple-svg-container\">\n        <div class=\"aux-widget-container-inner\">\n            <div class=\"aux-the-svg\"><img decoding=\"async\" src=\"https:\/\/www.stendustrimedyagrup.com\/wp-content\/uploads\/2020\/12\/Polygon-achievement-right.svg\" title=\"demo-attachment-288-Polygon-achievement-right\" alt=\"demo-attachment-288-Polygon-achievement-right\" loading=\"lazy\" \/><\/div>\n        <\/div>\n    <\/div>\n    \t\t\t\t<\/div>\n\t\t\t\t<\/div>\n\t\t<div class=\"elementor-element elementor-element-035078c e-con-full e-flex e-con e-child\" data-id=\"035078c\" data-element_type=\"container\" data-e-type=\"container\">\n\t\t<div class=\"elementor-element elementor-element-a7c791d e-con-full e-flex e-con e-child\" data-id=\"a7c791d\" data-element_type=\"container\" data-e-type=\"container\">\n\t\t\t\t<div class=\"elementor-element elementor-element-37635ae aux-appear-watch-animation aux-slide-from-bot elementor-widget elementor-widget-aux_counter\" data-id=\"37635ae\" data-element_type=\"widget\" data-e-type=\"widget\" data-widget_type=\"aux_counter.default\">\n\t\t\t\t<div class=\"elementor-widget-container\">\n\t\t\t\t\t\t\t<div class=\"aux-counter\">\n\t\t\t<div class=\"aux-counter-number-wrapper\">\n\t\t\t\t<span class=\"aux-counter-number-prefix\"><\/span>\n\t\t\t\t<span class=\"aux-counter-number\" data-duration=\"2000\" data-to-value=\"4\" data-from-value=\"0\" data-delay=\"0\" data-easing=\"\" data-delimiter=\",\">0<\/span>\n\t\t\t\t<span class=\"aux-counter-number-suffix\">bin<\/span>\n\t\t\t<\/div>\n\t\t\t\t\t\t\t<div class=\"aux-counter-title\">Mutlu <br> M\u00fc\u015fteri<\/div>\n\t\t\t\t\t<\/div>\n\t\t\t\t\t\t<\/div>\n\t\t\t\t<\/div>\n\t\t\t\t<\/div>\n\t\t<div class=\"elementor-element elementor-element-7e9527f e-con-full e-flex e-con e-child\" data-id=\"7e9527f\" data-element_type=\"container\" data-e-type=\"container\">\n\t\t\t\t<div class=\"elementor-element elementor-element-b64163f aux-appear-watch-animation aux-slide-from-bot elementor-widget elementor-widget-aux_counter\" data-id=\"b64163f\" data-element_type=\"widget\" data-e-type=\"widget\" data-widget_type=\"aux_counter.default\">\n\t\t\t\t<div class=\"elementor-widget-container\">\n\t\t\t\t\t\t\t<div class=\"aux-counter\">\n\t\t\t<div class=\"aux-counter-number-wrapper\">\n\t\t\t\t<span class=\"aux-counter-number-prefix\"><\/span>\n\t\t\t\t<span class=\"aux-counter-number\" data-duration=\"2000\" data-to-value=\"35\" data-from-value=\"0\" data-delay=\"0\" data-easing=\"\" data-delimiter=\",\">0<\/span>\n\t\t\t\t<span class=\"aux-counter-number-suffix\"><\/span>\n\t\t\t<\/div>\n\t\t\t\t\t\t\t<div class=\"aux-counter-title\">Ba\u015far\u0131l\u0131 <br> Zirve<\/div>\n\t\t\t\t\t<\/div>\n\t\t\t\t\t\t<\/div>\n\t\t\t\t<\/div>\n\t\t\t\t<\/div>\n\t\t<div class=\"elementor-element elementor-element-3d48a8c e-con-full e-flex e-con e-child\" data-id=\"3d48a8c\" data-element_type=\"container\" data-e-type=\"container\">\n\t\t\t\t<div class=\"elementor-element elementor-element-26f0a03 aux-appear-watch-animation aux-slide-from-bot elementor-widget elementor-widget-aux_counter\" data-id=\"26f0a03\" data-element_type=\"widget\" data-e-type=\"widget\" data-widget_type=\"aux_counter.default\">\n\t\t\t\t<div class=\"elementor-widget-container\">\n\t\t\t\t\t\t\t<div class=\"aux-counter\">\n\t\t\t<div class=\"aux-counter-number-wrapper\">\n\t\t\t\t<span class=\"aux-counter-number-prefix\"><\/span>\n\t\t\t\t<span class=\"aux-counter-number\" data-duration=\"2000\" data-to-value=\"210\" data-from-value=\"0\" data-delay=\"0\" data-easing=\"\" data-delimiter=\",\">0<\/span>\n\t\t\t\t<span class=\"aux-counter-number-suffix\"><\/span>\n\t\t\t<\/div>\n\t\t\t\t\t\t\t<div class=\"aux-counter-title\">Tamamlanm\u0131\u015f <br> Proje<\/div>\n\t\t\t\t\t<\/div>\n\t\t\t\t\t\t<\/div>\n\t\t\t\t<\/div>\n\t\t\t\t<\/div>\n\t\t<div class=\"elementor-element elementor-element-46f6f31 e-con-full e-flex e-con e-child\" data-id=\"46f6f31\" data-element_type=\"container\" data-e-type=\"container\">\n\t\t\t\t<div class=\"elementor-element elementor-element-ecb5b2b aux-appear-watch-animation aux-slide-from-bot elementor-widget elementor-widget-aux_counter\" data-id=\"ecb5b2b\" data-element_type=\"widget\" data-e-type=\"widget\" data-widget_type=\"aux_counter.default\">\n\t\t\t\t<div class=\"elementor-widget-container\">\n\t\t\t\t\t\t\t<div class=\"aux-counter\">\n\t\t\t<div class=\"aux-counter-number-wrapper\">\n\t\t\t\t<span class=\"aux-counter-number-prefix\">+<\/span>\n\t\t\t\t<span class=\"aux-counter-number\" data-duration=\"2000\" data-to-value=\"28\" data-from-value=\"0\" data-delay=\"0\" data-easing=\"\" data-delimiter=\",\">0<\/span>\n\t\t\t\t<span class=\"aux-counter-number-suffix\"><\/span>\n\t\t\t<\/div>\n\t\t\t\t\t\t\t<div class=\"aux-counter-title\">Y\u0131ll\u0131k <br> Tecr\u00fcbe<\/div>\n\t\t\t\t\t<\/div>\n\t\t\t\t\t\t<\/div>\n\t\t\t\t<\/div>\n\t\t\t\t<\/div>\n\t\t\t\t<\/div>\n\t\t\t\t<\/div>\n\t\t\t\t<\/div>\n\t\t\t\t\t<\/div>\n\t\t\t\t<\/div>\n\t\t\t\t<\/div>\n\t\t","protected":false},"excerpt":{"rendered":"<p>Hizmetlerimiz Hizmetlerimiz End\u00fcstri Markalar\u0131 \u0130\u00e7in \u00d6l\u00e7\u00fclebilir Medya G\u00fcc\u00fc Hedef Kitleye Do\u011frudan Eri\u015fim Sanayi, \u00fcretim ve teknoloji sekt\u00f6rlerinde karar vericilere ula\u015fan g\u00fc\u00e7l\u00fc medya a\u011f\u0131. \u00c7ok Kanall\u0131 G\u00f6r\u00fcn\u00fcrl\u00fck TV, dijital medya, sosyal medya, dergi ve etkinlik kanallar\u0131yla maksimum etkile\u015fim. G\u00fc\u00e7l\u00fc B2B Ba\u011flant\u0131lar\u0131 Zirveler, forumlar ve \u00f6zel organizasyonlarla yeni i\u015f f\u0131rsatlar\u0131 olu\u015fturma. Marka G\u00fcvenilirli\u011fi ve Etki Sekt\u00f6rel g\u00f6r\u00fcn\u00fcrl\u00fc\u011f\u00fc [&hellip;]<\/p>\n","protected":false},"author":1,"featured_media":0,"parent":0,"menu_order":0,"comment_status":"closed","ping_status":"closed","template":"templates\/page-builder-content.php","meta":{"footnotes":""},"class_list":["post-76","page","type-page","status-publish","hentry"],"_links":{"self":[{"href":"https:\/\/www.stendustrimedyagrup.com\/index.php?rest_route=\/wp\/v2\/pages\/76","targetHints":{"allow":["GET"]}}],"collection":[{"href":"https:\/\/www.stendustrimedyagrup.com\/index.php?rest_route=\/wp\/v2\/pages"}],"about":[{"href":"https:\/\/www.stendustrimedyagrup.com\/index.php?rest_route=\/wp\/v2\/types\/page"}],"author":[{"embeddable":true,"href":"https:\/\/www.stendustrimedyagrup.com\/index.php?rest_route=\/wp\/v2\/users\/1"}],"replies":[{"embeddable":true,"href":"https:\/\/www.stendustrimedyagrup.com\/index.php?rest_route=%2Fwp%2Fv2%2Fcomments&post=76"}],"version-history":[{"count":7,"href":"https:\/\/www.stendustrimedyagrup.com\/index.php?rest_route=\/wp\/v2\/pages\/76\/revisions"}],"predecessor-version":[{"id":253,"href":"https:\/\/www.stendustrimedyagrup.com\/index.php?rest_route=\/wp\/v2\/pages\/76\/revisions\/253"}],"wp:attachment":[{"href":"https:\/\/www.stendustrimedyagrup.com\/index.php?rest_route=%2Fwp%2Fv2%2Fmedia&parent=76"}],"curies":[{"name":"wp","href":"https:\/\/api.w.org\/{rel}","templated":true}]}}